{"id":89,"date":"2024-01-26T17:48:17","date_gmt":"2024-01-26T17:48:17","guid":{"rendered":"https:\/\/buciorek.pl\/?page_id=89"},"modified":"2026-03-06T08:04:42","modified_gmt":"2026-03-06T08:04:42","slug":"strona-glowna","status":"publish","type":"page","link":"https:\/\/buciorek.pl\/","title":{"rendered":"Strona g\u0142\u00f3wna"},"content":{"rendered":"\n<p class=\"has-vivid-cyan-blue-color has-text-color has-link-color wp-elements-69d0cb996a5d8e4c7367d2481d3bb3ef\"><strong>BUCIOREK<\/strong> to sklepy z misj\u0105. Na p\u00f3\u0142kach <strong>TYLKO<\/strong> wyselekcjonowane, najlepsze konstrukcyjnie modele but\u00f3w dzieci\u0119cych od wybranych producent\u00f3w, wspieraj\u0105ce prawid\u0142owy rozw\u00f3j st\u00f3p.<\/p>\n\n\n\n<p><\/p>\n\n\n<div class=\"wp-block-image\">\n<figure class=\"aligncenter size-large is-resized\"><img loading=\"lazy\" decoding=\"async\" width=\"1024\" height=\"473\" src=\"https:\/\/buciorek.pl\/wp-content\/uploads\/2024\/09\/20240824_195845-1024x473.jpg\" alt=\"\" class=\"wp-image-239\" style=\"width:448px;height:auto\" srcset=\"https:\/\/buciorek.pl\/wp-content\/uploads\/2024\/09\/20240824_195845-1024x473.jpg 1024w, https:\/\/buciorek.pl\/wp-content\/uploads\/2024\/09\/20240824_195845-300x139.jpg 300w, https:\/\/buciorek.pl\/wp-content\/uploads\/2024\/09\/20240824_195845-768x355.jpg 768w, https:\/\/buciorek.pl\/wp-content\/uploads\/2024\/09\/20240824_195845-1536x710.jpg 1536w, https:\/\/buciorek.pl\/wp-content\/uploads\/2024\/09\/20240824_195845-2048x946.jpg 2048w\" sizes=\"auto, (max-width: 1024px) 100vw, 1024px\" \/><\/figure>\n<\/div>\n\n\n<p><\/p>\n\n\n\n<p class=\"has-vivid-cyan-blue-color has-text-color has-link-color wp-elements-11da50090f9420e9d7260eb31ae8258a\">Obecnie na rynku obuwia dzieci\u0119cego mamy do czynienia w wi\u0119kszo\u015bci z obuwiem o wadliwej konstrukcji, s\u0142abej jako\u015bci wykonania i u\u017cytych materia\u0142\u00f3w. Chcemy temu zaradzi\u0107 i zaproponowa\u0107 profesjonalne podej\u015bcie do doboru obuwia i najlepszej jako\u015bci produkty.<\/p>\n\n\n\n<p><\/p>\n\n\n<div class=\"wp-block-image\">\n<figure class=\"aligncenter size-large is-resized\"><img loading=\"lazy\" decoding=\"async\" width=\"1024\" height=\"1024\" src=\"https:\/\/buciorek.pl\/wp-content\/uploads\/2024\/09\/Kopia-\u2013-Tu-fizjo-okragle-1024x1024.jpg\" alt=\"\" class=\"wp-image-240\" style=\"width:450px;height:auto\" srcset=\"https:\/\/buciorek.pl\/wp-content\/uploads\/2024\/09\/Kopia-\u2013-Tu-fizjo-okragle-1024x1024.jpg 1024w, https:\/\/buciorek.pl\/wp-content\/uploads\/2024\/09\/Kopia-\u2013-Tu-fizjo-okragle-300x300.jpg 300w, https:\/\/buciorek.pl\/wp-content\/uploads\/2024\/09\/Kopia-\u2013-Tu-fizjo-okragle-150x150.jpg 150w, https:\/\/buciorek.pl\/wp-content\/uploads\/2024\/09\/Kopia-\u2013-Tu-fizjo-okragle-768x768.jpg 768w, https:\/\/buciorek.pl\/wp-content\/uploads\/2024\/09\/Kopia-\u2013-Tu-fizjo-okragle-1536x1536.jpg 1536w, https:\/\/buciorek.pl\/wp-content\/uploads\/2024\/09\/Kopia-\u2013-Tu-fizjo-okragle.jpg 2000w\" sizes=\"auto, (max-width: 1024px) 100vw, 1024px\" \/><\/figure>\n<\/div>\n\n\n<p><\/p>\n\n\n\n<p class=\"has-vivid-cyan-blue-color has-text-color has-link-color wp-elements-73d8ab468d63daead4e6f53f97a1c826\">Jest to poparte wiedz\u0105 i do\u015bwiadczeniem:&nbsp;<strong>Jowity<\/strong>&nbsp;\u2013 specjalistki m.in. od indywidualnego doboru obuwia, u\u017cytych materia\u0142\u00f3w, konstrukcji ortopedycznej oraz&nbsp;<strong>Piotra<\/strong>&nbsp;&#8211; mgr fizjoterapii, specjalizuj\u0105cego si\u0119 od wielu lat w&nbsp;<strong><a href=\"http:\/\/complexlab.pl\/\">komputerowej diagnostyce st\u00f3p i postawy cia\u0142a<\/a><\/strong>.<\/p>\n\n\n\n<p class=\"has-vivid-cyan-blue-color has-text-color has-link-color wp-elements-6db44a98ec7614aff1643be99ab93901\">Wsp\u00f3lnie chcemy zwi\u0119ksza\u0107 \u015bwiadomo\u015b\u0107 rodzic\u00f3w i opiekun\u00f3w, je\u015bli chodzi o fizjologi\u0119, anatomi\u0119, rozw\u00f3j i bezpiecze\u0144stwo st\u00f3p dzieci. Nieustannie si\u0119 uczymy w tym zakresie i chcemy t\u0119 wiedz\u0119 przekazywa\u0107 dalej.<\/p>\n\n\n\n<p><\/p>\n\n\n<div class=\"wp-block-image\">\n<figure class=\"aligncenter size-large is-resized\"><img loading=\"lazy\" decoding=\"async\" width=\"473\" height=\"1024\" src=\"https:\/\/buciorek.pl\/wp-content\/uploads\/2024\/09\/20240824_195518-473x1024.jpg\" alt=\"\" class=\"wp-image-242\" style=\"width:450px;height:auto\" srcset=\"https:\/\/buciorek.pl\/wp-content\/uploads\/2024\/09\/20240824_195518-473x1024.jpg 473w, https:\/\/buciorek.pl\/wp-content\/uploads\/2024\/09\/20240824_195518-139x300.jpg 139w, https:\/\/buciorek.pl\/wp-content\/uploads\/2024\/09\/20240824_195518-768x1662.jpg 768w, https:\/\/buciorek.pl\/wp-content\/uploads\/2024\/09\/20240824_195518-710x1536.jpg 710w, https:\/\/buciorek.pl\/wp-content\/uploads\/2024\/09\/20240824_195518-946x2048.jpg 946w, https:\/\/buciorek.pl\/wp-content\/uploads\/2024\/09\/20240824_195518-scaled.jpg 1183w\" sizes=\"auto, (max-width: 473px) 100vw, 473px\" \/><\/figure>\n<\/div>\n\n\n<p><\/p>\n\n\n\n<p class=\"has-vivid-cyan-blue-color has-text-color has-link-color wp-elements-82636e98f3a02ebe36b4403c6caa1de1\">Sklepy <strong>BUCIOREK<\/strong>&nbsp;powsta\u0142y w\u0142a\u015bnie dlatego. Obuwie, kt\u00f3re oferuj\u0105 jest selekcjonowane przez nas przy ka\u017cdej kontraktacji bardzo szczeg\u00f3\u0142owo. Przez nasze r\u0119ce przechodzi za ka\u017cdym razem, kiedy ogl\u0105damy nowe kolekcje danych producent\u00f3w, kilkaset but\u00f3w! Jednak wybieramy selektywnie &#8211; tylko te, kt\u00f3re spe\u0142niaj\u0105 nasze wymagania dotycz\u0105ce m.in. konstrukcji ortopedycznej, jako\u015bci materia\u0142\u00f3w i oczywi\u015bcie design`u \ud83d\ude42<\/p>\n\n\n\n<p class=\"has-vivid-cyan-blue-color has-text-color has-link-color wp-elements-f3421051fbee9f031551b69cef4e2fe6\">Wieloletnie do\u015bwiadczenie w pomiarach komputerowych st\u00f3p oraz badaniach przesiewowych dzieci, daje nam wiedz\u0119, czym si\u0119 kierowa\u0107 przy zamawianiu obuwia do sklepu.<\/p>\n\n\n\n<p><\/p>\n\n\n<div class=\"wp-block-image\">\n<figure class=\"aligncenter size-large is-resized\"><img loading=\"lazy\" decoding=\"async\" width=\"473\" height=\"1024\" src=\"https:\/\/buciorek.pl\/wp-content\/uploads\/2024\/09\/20240824_200010-473x1024.jpg\" alt=\"\" class=\"wp-image-243\" style=\"width:449px;height:auto\" srcset=\"https:\/\/buciorek.pl\/wp-content\/uploads\/2024\/09\/20240824_200010-473x1024.jpg 473w, https:\/\/buciorek.pl\/wp-content\/uploads\/2024\/09\/20240824_200010-139x300.jpg 139w, https:\/\/buciorek.pl\/wp-content\/uploads\/2024\/09\/20240824_200010-768x1662.jpg 768w, https:\/\/buciorek.pl\/wp-content\/uploads\/2024\/09\/20240824_200010-710x1536.jpg 710w, https:\/\/buciorek.pl\/wp-content\/uploads\/2024\/09\/20240824_200010-946x2048.jpg 946w, https:\/\/buciorek.pl\/wp-content\/uploads\/2024\/09\/20240824_200010-scaled.jpg 1183w\" sizes=\"auto, (max-width: 473px) 100vw, 473px\" \/><\/figure>\n<\/div>\n\n\n<p><\/p>\n\n\n\n<p class=\"has-vivid-cyan-blue-color has-text-color has-link-color wp-elements-4e8e5db59c72fdfd007415a9b976e643\">Pami\u0119tajcie:<\/p>\n\n\n\n<p class=\"has-pale-pink-color has-text-color has-link-color wp-elements-068ef2c93712ca8354956391a25fadc8\"><strong>BUTY NIE S\u0104 TYLKO MODNYM DODATKIEM ALE PRZEDE WSZYSTKIM S\u0141U\u017b\u0104 JAKO ELEMENT WSPIERAJ\u0104CY PRAWID\u0141OWY ROZW\u00d3J ST\u00d3P&nbsp;<\/strong><\/p>\n\n\n\n<p><\/p>\n\n\n\n<p class=\"has-pale-pink-color has-text-color has-link-color wp-elements-2b217ffa0135969f2b3eea7fc4acf766\">Zapraszamy do m\u0105drych zakup\u00f3w \ud83d\ude42<\/p>\n\n\n\n<p class=\"has-pale-pink-color has-text-color has-link-color wp-elements-cbcc6e9e4c395dbbf557140dd10d48e2\">Jowita i Piotr Chudy<\/p>\n\n\n\n<p><\/p>\n\n\n<div class=\"wp-block-image\">\n<figure class=\"aligncenter size-full\"><img loading=\"lazy\" decoding=\"async\" width=\"300\" height=\"272\" src=\"https:\/\/buciorek.pl\/wp-content\/uploads\/2024\/09\/20200825_163600-300x272-1.jpg\" alt=\"\" class=\"wp-image-244\"\/><\/figure>\n<\/div>\n\n\n<p><\/p>\n\n\n\n<hr class=\"wp-block-separator has-alpha-channel-opacity\"\/>\n\n\n\n<figure class=\"wp-block-image size-full is-resized is-style-rounded\"><img loading=\"lazy\" decoding=\"async\" width=\"673\" height=\"162\" src=\"https:\/\/buciorek.pl\/wp-content\/uploads\/2024\/04\/opinia.jpg\" alt=\"Opinie Buciorek\" class=\"wp-image-184\" style=\"width:443px;height:auto\" srcset=\"https:\/\/buciorek.pl\/wp-content\/uploads\/2024\/04\/opinia.jpg 673w, https:\/\/buciorek.pl\/wp-content\/uploads\/2024\/04\/opinia-300x72.jpg 300w\" sizes=\"auto, (max-width: 673px) 100vw, 673px\" \/><\/figure>\n","protected":false},"excerpt":{"rendered":"<p>BUCIOREK to sklepy z misj\u0105. Na p\u00f3\u0142kach TYLKO wyselekcjonowane, najlepsze konstrukcyjnie modele but\u00f3w dzieci\u0119cych od wybranych producent\u00f3w, wspieraj\u0105ce prawid\u0142owy rozw\u00f3j st\u00f3p. Obecnie na rynku obuwia&hellip;<\/p>\n","protected":false},"author":1,"featured_media":0,"parent":0,"menu_order":0,"comment_status":"closed","ping_status":"closed","template":"","meta":{"footnotes":""},"class_list":["post-89","page","type-page","status-publish","hentry"],"_links":{"self":[{"href":"https:\/\/buciorek.pl\/index.php\/wp-json\/wp\/v2\/pages\/89","targetHints":{"allow":["GET"]}}],"collection":[{"href":"https:\/\/buciorek.pl\/index.php\/wp-json\/wp\/v2\/pages"}],"about":[{"href":"https:\/\/buciorek.pl\/index.php\/wp-json\/wp\/v2\/types\/page"}],"author":[{"embeddable":true,"href":"https:\/\/buciorek.pl\/index.php\/wp-json\/wp\/v2\/users\/1"}],"replies":[{"embeddable":true,"href":"https:\/\/buciorek.pl\/index.php\/wp-json\/wp\/v2\/comments?post=89"}],"version-history":[{"count":9,"href":"https:\/\/buciorek.pl\/index.php\/wp-json\/wp\/v2\/pages\/89\/revisions"}],"predecessor-version":[{"id":289,"href":"https:\/\/buciorek.pl\/index.php\/wp-json\/wp\/v2\/pages\/89\/revisions\/289"}],"wp:attachment":[{"href":"https:\/\/buciorek.pl\/index.php\/wp-json\/wp\/v2\/media?parent=89"}],"curies":[{"name":"wp","href":"https:\/\/api.w.org\/{rel}","templated":true}]}}