{"id":3,"date":"2024-01-24T11:23:30","date_gmt":"2024-01-24T11:23:30","guid":{"rendered":"https:\/\/buciorek.pl\/?page_id=3"},"modified":"2024-01-29T10:18:14","modified_gmt":"2024-01-29T10:18:14","slug":"privacy-policy","status":"publish","type":"page","link":"https:\/\/buciorek.pl\/index.php\/privacy-policy\/","title":{"rendered":"Polityka prywatno\u015bci i cookies"},"content":{"rendered":"\n<p class=\"has-pale-pink-color has-text-color has-link-color wp-elements-31a09e654cbe82b3a7bed1a1a4bdd1ba\">INFORMACJE OG\u00d3LNE<\/p>\n\n\n\n<p class=\"has-vivid-cyan-blue-color has-text-color has-link-color wp-elements-2cfa47f5bce982aeee2f415e03fbf874\">1. Administrator, stosownie do przepis\u00f3w art. 173-174 ustawy z dnia 16 lipca 2004 r. Prawo telekomunikacyjne, informuje, \u017ce strona internetowa buciorek.pl (Serwis) wykorzystuje pliki cookies.<\/p>\n\n\n\n<p class=\"has-vivid-cyan-blue-color has-text-color has-link-color wp-elements-889259f25e245533f016b18990126242\">2. Za pomoc\u0105 plik\u00f3w cookies zbierane s\u0105 jedynie anonimowe dane statystyczne o u\u017cytkownikach. Informacje uzyskiwane dzi\u0119ki wskazanym technologiom nie s\u0105 przypisywane do konkretnej osoby i nie pozwalaj\u0105 jej zidentyfikowa\u0107.<\/p>\n\n\n\n<p class=\"has-vivid-cyan-blue-color has-text-color has-link-color wp-elements-f771ef7e465030857fe171563803942c\">3. Umieszczanie oraz korzystanie z plik\u00f3w cookies nie jest szkodliwe dla urz\u0105dzenia u\u017cytkownika (np. komputera, smartfona, tableta), nie powoduje \u017cadnych zmian zar\u00f3wno konfiguracji jego urz\u0105dzenia jak i w zainstalowanym oprogramowaniu i aplikacjach.<\/p>\n\n\n\n<p class=\"has-vivid-cyan-blue-color has-text-color has-link-color wp-elements-a6f1e9ee51d1f1b7cef470729d02d847\">4. Celem wykorzystywania przez Serwis plik\u00f3w cookies jest:<\/p>\n\n\n\n<p class=\"has-vivid-cyan-blue-color has-text-color has-link-color wp-elements-2782f1f68fb639b6adf4efc87fd771ed\">a) tworzenie analiz, raport\u00f3w i statystyk dotycz\u0105cych sposobu korzystania ze stron Serwisu przez u\u017cytkownik\u00f3w;<\/p>\n\n\n\n<p class=\"has-vivid-cyan-blue-color has-text-color has-link-color wp-elements-c3d70329e82ed7bcb0299554676c29df\">b) dostosowanie zawarto\u015bci Serwisu do preferencji u\u017cytkownika, optymalizacji korzystania z Serwisu np. zapami\u0119tywania produkt\u00f3w dodanych do koszyka, utrzymanie sesji zalogowanego u\u017cytkownika dzi\u0119ki czemu U\u017cytkownik nie musi na ka\u017cdej podstronie Serwisu ponownie wpisywa\u0107 loginu i has\u0142a;<\/p>\n\n\n\n<p class=\"has-vivid-cyan-blue-color has-text-color has-link-color wp-elements-052ac28d5dfcc0a0150930b08a1a6a3b\">c) prezentacja reklam w sieciach reklamowych.<\/p>\n\n\n\n<p class=\"has-pale-pink-color has-text-color has-link-color wp-elements-93b3aa20b101d55988210448cfde6a29\">PLIKI COOKIES<\/p>\n\n\n\n<p class=\"has-vivid-cyan-blue-color has-text-color has-link-color wp-elements-5bdff4614554f278a41481147fbb5d28\">5. W czasie korzystania z Serwisu na urz\u0105dzeniu u\u017cytkownika umieszczane s\u0105 ma\u0142e pliki tekstowe. Standardowo w tych plikach znajduj\u0105 si\u0119 nast\u0119puj\u0105ce informacje:<\/p>\n\n\n\n<p class=\"has-vivid-cyan-blue-color has-text-color has-link-color wp-elements-2fae771cf71b7bb3abc6516dd00d1d21\">a) nazwa Serwisu, z kt\u00f3rego plik cookie zosta\u0142 wys\u0142any;<\/p>\n\n\n\n<p class=\"has-vivid-cyan-blue-color has-text-color has-link-color wp-elements-b349088111e3772445c383b3511a6549\">b) wygenerowany unikatowy numer;<\/p>\n\n\n\n<p class=\"has-vivid-cyan-blue-color has-text-color has-link-color wp-elements-d7d0f0d0289b842efb1784f371c4ffb8\">c) czas przechowywania pliku.<\/p>\n\n\n\n<p class=\"has-vivid-cyan-blue-color has-text-color has-link-color wp-elements-b8d51f12a7e259bb9a2ddd52ca2b76fb\">6. Pliki te mo\u017cna podzieli\u0107 ze wzgl\u0119du na \u017ar\u00f3d\u0142o pochodzenia oraz na czas ich przetrzymywania na urz\u0105dzeniu u\u017cytkownika. W Serwisie wykorzystywane s\u0105 nast\u0119puj\u0105ce typy plik\u00f3w:<\/p>\n\n\n\n<p class=\"has-vivid-cyan-blue-color has-text-color has-link-color wp-elements-6bee8828bc5a295c1760af86014ec852\">6.1. Ze wzgl\u0119du na \u017ar\u00f3d\u0142o pochodzenia wyr\u00f3\u017cniamy nast\u0119puj\u0105ce pliki cookie:<\/p>\n\n\n\n<p class=\"has-vivid-cyan-blue-color has-text-color has-link-color wp-elements-02e0988ee9740b64d49b4a4335ceaf9d\">a) tzw. first-party cookies- pochodz\u0105ce z Serwisu, w pliku zapisywana jest nazwa wskazuj\u0105ca na domen\u0119 czyli sklepmedyczny-ortis.pl, kt\u00f3ra nale\u017cy do Administratora;<\/p>\n\n\n\n<p class=\"has-vivid-cyan-blue-color has-text-color has-link-color wp-elements-93e32df9ef75e624171681489478066f\">b) tzw. third-party cookies- umieszczane za po\u015brednictwem Serwisu przez firmy zewn\u0119trzne, z kt\u00f3rych us\u0142ug korzysta Administrator;<\/p>\n\n\n\n<p class=\"has-vivid-cyan-blue-color has-text-color has-link-color wp-elements-d262babfd3c7b2109bcd52039ef79854\">6.2. Ze wzgl\u0119du na czas przez jaki pliki cookie b\u0119d\u0105 umieszczone na urz\u0105dzeniu u\u017cytkownika wyr\u00f3\u017cniamy:<\/p>\n\n\n\n<p class=\"has-vivid-cyan-blue-color has-text-color has-link-color wp-elements-ab8eb64457f3597dc68a7e3725a89e8a\">a) pliki cookie sesyjne, kt\u00f3re tworzone s\u0105 ka\u017cdorazowo po wej\u015bciu na stron\u0119 internetow\u0105 i usuwane w momencie zamkni\u0119cia okna przegl\u0105dania;<\/p>\n\n\n\n<p class=\"has-vivid-cyan-blue-color has-text-color has-link-color wp-elements-b381a3038dbb608d84b2088c16a000c8\">b) pliki przechowywane znacznie d\u0142u\u017cej, usuwane automatycznie przez przegl\u0105dark\u0119 po okre\u015blonym czasie lub manualnie przez u\u017cytkownika.<\/p>\n\n\n\n<p class=\"has-vivid-cyan-blue-color has-text-color has-link-color wp-elements-ab5d43efdfe4104a10a36428652e2a4c\">7. Pliki firm zewn\u0119trznych umieszczane s\u0105 na urz\u0105dzeniu u\u017cytkownika w szczeg\u00f3lno\u015bci:<\/p>\n\n\n\n<p class=\"has-vivid-cyan-blue-color has-text-color has-link-color wp-elements-983691683a7637a45ba60ca8d0a8d951\">a) w celu wy\u015bwietlania dopasowanych materia\u0142\u00f3w w sieciach reklamowych;<\/p>\n\n\n\n<p class=\"has-vivid-cyan-blue-color has-text-color has-link-color wp-elements-ff57ff0f97ec76727b814ea74d137aa8\">b) do badania aktywno\u015bci anonimowych u\u017cytkownik\u00f3w i na tej podstawie generowanie statystyk, kt\u00f3re pomagaj\u0105 w poznaniu sposob\u00f3w korzystania z Serwisu.<\/p>\n\n\n\n<p class=\"has-pale-pink-color has-text-color has-link-color wp-elements-d8d5ba0756229a425af11f82742b35ff\">PODMIOTY ZEWN\u0118TRZNE<\/p>\n\n\n\n<p class=\"has-vivid-cyan-blue-color has-text-color has-link-color wp-elements-4203dba4775c091df935b641433ea8ca\">8. Administrator korzysta w szczeg\u00f3lno\u015bci, ale nie tylko z us\u0142ug nast\u0119puj\u0105cych firm zewn\u0119trznych:<\/p>\n\n\n\n<p class=\"has-vivid-cyan-blue-color has-text-color has-link-color wp-elements-9f0951670bcbd2bb391cf3326fb6dd7d\">a) Google LLC;<\/p>\n\n\n\n<p class=\"has-vivid-cyan-blue-color has-text-color has-link-color wp-elements-62de322acbc2f5975cefa571b917716c\">b) Facebook Ireland Ltd.<\/p>\n\n\n\n<p class=\"has-vivid-cyan-blue-color has-text-color has-link-color wp-elements-52310eaaaa96d16d498bdaa58af67ba2\">9. Podmioty te posiadaj\u0105 w\u0142asne polityki prywatno\u015bci i praktyki dotycz\u0105ce wykorzystywania technologii internetowych, dlatego w celu lepszego zrozumienia tych zasad, prosimy o zapoznanie si\u0119 z polityk\u0105 prywatno\u015bci i polityk\u0105 cookies ka\u017cdego z podmiot\u00f3w.<\/p>\n\n\n\n<p class=\"has-vivid-cyan-blue-color has-text-color has-link-color wp-elements-6bc6adcf1e5cf74201fc473b5fecf493\">10. Dodatkowo w Serwisie znajduj\u0105 si\u0119 osadzone przyciski, narz\u0119dzia lub tre\u015bci kieruj\u0105ce do us\u0142ug innych firm, m.in.: odno\u015bniki do zewn\u0119trznych stron internetowych. Korzystanie z tych aplikacji mo\u017ce powodowa\u0107 przesy\u0142anie za pomoc\u0105 technologii internetowych informacji do wymienionych podmiot\u00f3w zewn\u0119trznych.<\/p>\n\n\n\n<p class=\"has-pale-pink-color has-text-color has-link-color wp-elements-d68b2f0b9d6cf1e88310764e20df44f5\">JAK POST\u0118POWA\u0106 Z PLIKAMI COOKIE<\/p>\n\n\n\n<p class=\"has-vivid-cyan-blue-color has-text-color has-link-color wp-elements-7c979b136f6711b3a3e0aac1085ae55d\">11. U\u017cytkownik mo\u017ce w dowolnym momencie w swojej przegl\u0105darce zmieni\u0107 ustawienia lub wy\u0142\u0105czy\u0107 obs\u0142ug\u0119 plik\u00f3w cookies, mo\u017ce to jednak spowodowa\u0107 niepoprawne funkcjonowanie Serwisu.<\/p>\n\n\n\n<p class=\"has-vivid-cyan-blue-color has-text-color has-link-color wp-elements-7bcfecd6245b04f52edfc36b842af9ef\">12. Je\u017celi u\u017cytkownik nie dokona zmiany domy\u015blnych ustawie\u0144 przegl\u0105darki internetowej w zakresie dotycz\u0105cym plik\u00f3w cookies, pliki zbieraj\u0105ce dane zostan\u0105 umieszczone na urz\u0105dzeniu ko\u0144cowym i b\u0119d\u0105 wykorzystywane zgodnie z zasadami okre\u015blonymi przez dostawc\u0119 przegl\u0105darki internetowej.<\/p>\n\n\n\n<p class=\"has-vivid-cyan-blue-color has-text-color has-link-color wp-elements-9170a6347ba67f59ce76db3ca9f5f80f\">13. Informacje na temat zarz\u0105dzania plikami cookies w poszczeg\u00f3lnych przegl\u0105darkach \u2013 w tym w szczeg\u00f3lno\u015bci instrukcje zablokowania odbierania plik\u00f3w cookies \u2013 mo\u017cna znale\u017a\u0107 na stronach dedykowanych poszczeg\u00f3lnym przegl\u0105darkom:<\/p>\n\n\n\n<p class=\"has-vivid-cyan-blue-color has-text-color has-link-color wp-elements-116b427ab38cae35f01d40adacfe7069\">a) Chrome: https:\/\/support.google.com\/chrome\/answer\/95647?hl=pl<\/p>\n\n\n\n<p class=\"has-vivid-cyan-blue-color has-text-color has-link-color wp-elements-d8dc3a661c55bc6a436f6d506ed17ae3\">b) Firefox: https:\/\/support.mozilla.org\/pl\/kb\/ciasteczka<\/p>\n\n\n\n<p class=\"has-vivid-cyan-blue-color has-text-color has-link-color wp-elements-56afc01d8a44e22c7c79ac54cc88d570\">c) Internet Explorer: https:\/\/support.microsoft.com\/pl-pl\/help\/17442\/windows-internet-explorer-delete-manage-cookies<\/p>\n\n\n\n<p class=\"has-vivid-cyan-blue-color has-text-color has-link-color wp-elements-fb533cc96afe30b83d043bb8ea10b9d8\">d) Microsoft Edge: https:\/\/support.microsoft.com\/pl-pl\/help\/4468242\/microsoft-edge-browsing-data-and-privacy-microsoft-privacy<\/p>\n\n\n\n<p class=\"has-vivid-cyan-blue-color has-text-color has-link-color wp-elements-f04bed365b0970628394dd04279f2dd0\">e) Opera: https:\/\/help.opera.com\/pl\/latest\/web-preferences\/#cookies<\/p>\n\n\n\n<p class=\"has-vivid-cyan-blue-color has-text-color has-link-color wp-elements-4985f762c0e9ac8b27d5fd251f332941\">f) Safari: https:\/\/support.apple.com\/pl-pl\/HT201265<\/p>\n\n\n\n<p class=\"has-vivid-cyan-blue-color has-text-color has-link-color wp-elements-432811986224e985b23be69f8679d23a\">14. U\u017cytkownicy, kt\u00f3rzy po zapoznaniu si\u0119 z informacjami dost\u0119pnymi w Serwisie, nie chc\u0105 aby pliki cookies pozosta\u0142y zachowane w przegl\u0105darce internetowej urz\u0105dzenia, powinni usun\u0105\u0107 je ze swojej przegl\u0105darki po zako\u0144czeniu wizyty w Serwisie.<\/p>\n\n\n\n<h1 class=\"wp-block-heading\"><strong>POLITYKA PRYWATNO\u015aCI<\/strong><\/h1>\n\n\n\n<p class=\"has-pale-pink-color has-text-color has-link-color wp-elements-3c414992018aec9e14d1ba9fef2057af\"><strong>OBOWI\u0104ZEK INFORMACYJNY ZGODNIE Z RODO<\/strong><\/p>\n\n\n\n<p class=\"has-pale-pink-color has-text-color has-link-color wp-elements-ed9d979bd80d883416ab57c1bcf0121c\">CZAS NA RODO<\/p>\n\n\n\n<p class=\"has-vivid-cyan-blue-color has-text-color has-link-color wp-elements-b4119b7f3ac745f7f0e32b555ca004e0\">RODO jest unijnym prawem wprowadzaj\u0105cym nowe zasady ochrony danych osobowych, kt\u00f3re zast\u0105pi dotychczas obowi\u0105zuj\u0105c\u0105 polsk\u0105 ustaw\u0119 o ochronie danych osobowych.<\/p>\n\n\n\n<p class=\"has-pale-pink-color has-text-color has-link-color wp-elements-93459c5edd298c78042bddfa3b5ed8d6\">WI\u0118CEJ PRAW DLA OS\u00d3B FIZYCZNYCH<\/p>\n\n\n\n<p class=\"has-vivid-cyan-blue-color has-text-color has-link-color wp-elements-fe1d2b1967d045b382cbf58246eaebba\">Nowe przepisy zawieraj\u0105 wiele nowych rozwi\u0105za\u0144 zwi\u0119kszaj\u0105cych bezpiecze\u0144stwo danych osobowych, w\u015br\u00f3d nich obowi\u0105zek raportowania wyciek\u00f3w danych. Wprowadzaj\u0105 r\u00f3wnie\u017c kilka nowych uprawnie\u0144 dla wszystkich os\u00f3b fizycznych, zwi\u0119kszaj\u0105c ich kontrol\u0119 nad danymi osobowymi.<\/p>\n\n\n\n<p class=\"has-pale-pink-color has-text-color has-link-color wp-elements-f991146fc2f1027855ca878f20094182\">JESTE\u015aMY GOTOWI<\/p>\n\n\n\n<p class=\"has-vivid-cyan-blue-color has-text-color has-link-color wp-elements-464287fa76d8072c43673b56bedff86f\">Ochrona danych osobowych od zawsze jest dla naszej firmy wa\u017cna \u2013 stanowi element naszej wiarygodno\u015bci, buduje zaufanie naszych klient\u00f3w. Jeste\u015bmy gotowi na RODO \u2013 od 25 maja 2018 r. nasza firma przestrzega\u0107 b\u0119dzie zasad okre\u015blonych w RODO. Wdro\u017cyli\u015bmy w firmie wszystkie niezb\u0119dne elementy, kt\u00f3re zwi\u0119ksz\u0105 bezpiecze\u0144stwo Pa\u0144stwa danych osobowych, m. in.:<\/p>\n\n\n\n<ul class=\"wp-block-list\">\n<li>zadbali\u015bmy o prawid\u0142owo\u015b\u0107 przetwarzanych danych,<\/li>\n\n\n\n<li>wprowadzili\u015bmy niezb\u0119dne procedury zapewniaj\u0105ce mo\u017cliwo\u015b\u0107 realizacji uprawnie\u0144 os\u00f3b, kt\u00f3rych dane przetwarzamy \u2013 w tym prawa dost\u0119pu czy prawa do sprostowania danych<\/li>\n<\/ul>\n\n\n\n<p class=\"has-pale-pink-color has-text-color has-link-color wp-elements-dd2b57468096a959eabbd201bff6258e\">CO TO JEST RODO?<\/p>\n\n\n\n<p class=\"has-vivid-cyan-blue-color has-text-color has-link-color wp-elements-f22093ce68bca59c5ee36a5261f5ca54\">RODO jest unijnym prawem reguluj\u0105cym zasady ochrony danych osobowych, kt\u00f3re stosujemy od 25 maja 2018 r. Od tego dnia nasza firma przestrzega zasad okre\u015blonych w RODO. Pe\u0142na nazwa RODO: Rozporz\u0105dzenie Parlamentu Europejskiego i Rady (UE) 2016\/679 z dnia 27 kwietnia 2016 r. w sprawie ochrony os\u00f3b fizycznych w zwi\u0105zku z przetwarzaniem danych osobowych i w sprawie swobodnego przep\u0142ywu takich danych oraz uchylenia dyrektywy 95\/46\/WE.<\/p>\n\n\n\n<p class=\"has-pale-pink-color has-text-color has-link-color wp-elements-ad3fdc0006ed8030e9c0f020e788c605\">KTO JEST ADMINISTRATOREM DANYCH?<\/p>\n\n\n\n<p class=\"has-vivid-cyan-blue-color has-text-color has-link-color wp-elements-e1fe427909622dd897d5116b7adc82e1\">Administratorem Pa\u0144stwa danych osobowych jest GARDA Jowita Chudy z siedzib\u0105 w Nysie (48-300), ul. \u0141ukasi\u0144skiego 4\/1. Nasze dane kontaktowe: biuro@buciorek.pl, tel. 535 545 605. Administrator danych jest odpowiedzialny za bezpiecze\u0144stwo przekazanych danych osobowych oraz przetwarzanie ich zgodnie z przepisami prawa.<\/p>\n\n\n\n<p class=\"has-pale-pink-color has-text-color has-link-color wp-elements-3952c895a53664069e87e7e2d115606c\">W JAKIM CELU I NA JAKIEJ PODSTAWIE PRAWNEJ WYKORZYSTUJEMY DANE?<\/p>\n\n\n\n<p class=\"has-vivid-cyan-blue-color has-text-color has-link-color wp-elements-39ececafbd0413e70f04c9b7ca2133f1\">Pa\u0144stwa dane osobowe b\u0119dziemy wykorzystywa\u0107 w nast\u0119puj\u0105cych celach: zawarcia i wykonania umowy, w tym zapewnienia poprawnej jako\u015bci us\u0142ug (podstawa prawna \u2013 art. 6 ust. 1 lit b RODO) \u2013 \u201ewykonanie umowy\u201d, marketingowych, w przypadku wyra\u017cenia przez Pa\u0144stwa zgody na wykorzystanie danych w tym celu (podstawa prawna \u2013 art. 6 ust. 1 lit a RODO) \u2013 \u201ezgoda\u201d.<\/p>\n\n\n\n<p class=\"has-pale-pink-color has-text-color has-link-color wp-elements-f04a9fc649ea06e45c94e12bff473edc\">JAK D\u0141UGO B\u0118DZIEMY WYKORZYSTYWA\u0106 DANE?<\/p>\n\n\n\n<p class=\"has-vivid-cyan-blue-color has-text-color has-link-color wp-elements-488400f5d4bcb5062235586042862b62\">Dane b\u0119dziemy wykorzystywa\u0107 przez okres niezb\u0119dny do realizacji opisanych powy\u017cej cel\u00f3w. W zale\u017cno\u015bci od podstawy prawnej b\u0119dzie to odpowiednio: czas trwania umowy, czas wykonywania obowi\u0105zk\u00f3w prawnych oraz czas, w kt\u00f3rym przepisy prawa nakazuj\u0105 nam przechowywa\u0107 dane, np. przepisy podatkowe, czas po kt\u00f3rym przedawni\u0105 si\u0119 roszczenia wynikaj\u0105ce z umowy, czas do momentu wycofania zgody.<\/p>\n\n\n\n<p class=\"has-pale-pink-color has-text-color has-link-color wp-elements-6de9da76defd719a177edcde6c7fd29c\">JAKIE MAJ\u0104 PA\u0143STWO PRAWA?<\/p>\n\n\n\n<p class=\"has-vivid-cyan-blue-color has-text-color has-link-color wp-elements-b7b3b1c8bb4d53febd9786bdfd029a2f\">Mog\u0105 Pa\u0144stwo z\u0142o\u017cy\u0107 do naszej firmy wniosek o: dost\u0119p do danych osobowych (informacj\u0119 o przetwarzanych danych osobowych oraz kopi\u0119 danych), sprostowanie danych, gdy s\u0105 one nieprawid\u0142owe, przeniesienie danych, w przypadkach okre\u015blonych w RODO, usuni\u0119cie lub ograniczenie przetwarzania danych osobowych. Niezale\u017cnie od praw wymienionych wy\u017cej mog\u0105 Pa\u0144stwo w dowolnym momencie wnie\u015b\u0107 sprzeciw wobec przetwarzania Pa\u0144stwa danych, je\u015bli podstaw\u0105 prawn\u0105 wykorzystywania danych jest prawnie uzasadniony interes. Po przyj\u0119ciu wniosku w tej sprawie jeste\u015bmy zobowi\u0105zani do zaprzestania przetwarzania danych w tym celu. Maj\u0105 Pa\u0144stwo tak\u017ce prawo wnie\u015b\u0107 skarg\u0119 do Prezesa Urz\u0119du Ochrony Danych Osobowych, je\u017celi uwa\u017caj\u0105 Pa\u0144stwo, \u017ce przetwarzanie Pa\u0144stwa danych osobowych narusza przepisy prawa. Udzielona zgoda na przetwarzanie danych osobowych w celach marketingowych mo\u017ce by\u0107 wycofana w ka\u017cdym czasie.<\/p>\n\n\n\n<p class=\"has-pale-pink-color has-text-color has-link-color wp-elements-c1a4ef138ba1c0ae74f0c300941eccd5\">KOMU PRZEKAZUJEMY PA\u0143STWA DANE?<\/p>\n\n\n\n<p class=\"has-vivid-cyan-blue-color has-text-color has-link-color wp-elements-72454d1f9cf8a5c499c754d9e3d8770e\">Z zachowaniem wszelkich gwarancji bezpiecze\u0144stwa danych, Pa\u0144stwa dane mo\u017cemy przekaza\u0107 \u2013 opr\u00f3cz osobom upowa\u017cnionym przez Administratora danych \u2013 innym podmiotom, w tym: podmiotom przetwarzaj\u0105cym je w naszym imieniu, np. dostawcom us\u0142ug technicznych i podmiotom \u015bwiadcz\u0105cym nam us\u0142ugi doradcze; innym administratorom, np. kurierom. Pa\u0144stwa dane nie b\u0119d\u0105 przekazywane do pa\u0144stw spoza Europejskiego Obszaru Gospodarczego (do kraj\u00f3w innych ni\u017c kraje Unii Europejskiej oraz Islandia, Norwegia i Liechtenstein).<\/p>\n\n\n\n<p class=\"has-pale-pink-color has-text-color has-link-color wp-elements-7a58fe5d1c47f15ea7143c35053c1ef9\">JAK MO\u017bNA SI\u0118 Z NAMI SKONTAKTOWA\u0106 W SPRAWIE OCHRONY DANYCH OSOBOWYCH?<\/p>\n\n\n\n<p class=\"has-vivid-cyan-blue-color has-text-color has-link-color wp-elements-e64eabc1d553c219638742f26e6c0aed\">GARDA Jowita Chudy z siedzib\u0105 w Nysie (48-300), ul. \u0141ukasi\u0144skiego 4\/1. Nasze dane kontaktowe: biuro@buciorek.pl, tel. 535 545 605<\/p>\n","protected":false},"excerpt":{"rendered":"<p>INFORMACJE OG\u00d3LNE 1. Administrator, stosownie do przepis\u00f3w art. 173-174 ustawy z dnia 16 lipca 2004 r. Prawo telekomunikacyjne, informuje, \u017ce strona internetowa buciorek.pl (Serwis) wykorzystuje&hellip;<\/p>\n","protected":false},"author":1,"featured_media":0,"parent":0,"menu_order":0,"comment_status":"closed","ping_status":"open","template":"","meta":{"footnotes":""},"class_list":["post-3","page","type-page","status-publish","hentry"],"_links":{"self":[{"href":"https:\/\/buciorek.pl\/index.php\/wp-json\/wp\/v2\/pages\/3","targetHints":{"allow":["GET"]}}],"collection":[{"href":"https:\/\/buciorek.pl\/index.php\/wp-json\/wp\/v2\/pages"}],"about":[{"href":"https:\/\/buciorek.pl\/index.php\/wp-json\/wp\/v2\/types\/page"}],"author":[{"embeddable":true,"href":"https:\/\/buciorek.pl\/index.php\/wp-json\/wp\/v2\/users\/1"}],"replies":[{"embeddable":true,"href":"https:\/\/buciorek.pl\/index.php\/wp-json\/wp\/v2\/comments?post=3"}],"version-history":[{"count":1,"href":"https:\/\/buciorek.pl\/index.php\/wp-json\/wp\/v2\/pages\/3\/revisions"}],"predecessor-version":[{"id":116,"href":"https:\/\/buciorek.pl\/index.php\/wp-json\/wp\/v2\/pages\/3\/revisions\/116"}],"wp:attachment":[{"href":"https:\/\/buciorek.pl\/index.php\/wp-json\/wp\/v2\/media?parent=3"}],"curies":[{"name":"wp","href":"https:\/\/api.w.org\/{rel}","templated":true}]}}