{"id":214,"date":"2024-06-07T09:19:35","date_gmt":"2024-06-07T09:19:35","guid":{"rendered":"https:\/\/buciorek.pl\/?page_id=214"},"modified":"2025-12-02T12:50:30","modified_gmt":"2025-12-02T12:50:30","slug":"zamykamy-sklep-we-wroclawiu","status":"publish","type":"page","link":"https:\/\/buciorek.pl\/index.php\/zamykamy-sklep-we-wroclawiu\/","title":{"rendered":"Zamykamy sklep we Wroc\u0142awiu !!!"},"content":{"rendered":"\n<p class=\"has-pale-pink-color has-text-color has-link-color has-medium-font-size wp-elements-429819e24b379691d77a8a54f0084cce\"><strong>Uwaga! Zamykamy sklep we Wroc\u0142awiu !<\/strong><\/p>\n\n\n<div class=\"wp-block-image\">\n<figure class=\"aligncenter size-large is-resized\"><img loading=\"lazy\" decoding=\"async\" width=\"1024\" height=\"683\" src=\"https:\/\/buciorek.pl\/wp-content\/uploads\/2025\/12\/ChatGPT-Image-1-gru-2025-19_04_53-1024x683.png\" alt=\"\" class=\"wp-image-278\" style=\"width:372px;height:auto\" srcset=\"https:\/\/buciorek.pl\/wp-content\/uploads\/2025\/12\/ChatGPT-Image-1-gru-2025-19_04_53-1024x683.png 1024w, https:\/\/buciorek.pl\/wp-content\/uploads\/2025\/12\/ChatGPT-Image-1-gru-2025-19_04_53-300x200.png 300w, https:\/\/buciorek.pl\/wp-content\/uploads\/2025\/12\/ChatGPT-Image-1-gru-2025-19_04_53-768x512.png 768w, https:\/\/buciorek.pl\/wp-content\/uploads\/2025\/12\/ChatGPT-Image-1-gru-2025-19_04_53.png 1536w\" sizes=\"auto, (max-width: 1024px) 100vw, 1024px\" \/><\/figure>\n<\/div>\n\n\n<p><\/p>\n\n\n\n<p class=\"has-vivid-cyan-blue-color has-text-color has-link-color wp-elements-1382aaac44fb27a0e5cb0582f2beb2e4\">Z ci\u0119\u017ckim sercem i przykro\u015bci\u0105 informujemy, \u017ce jeste\u015bmy zmuszeni do zamkni\u0119cia sklepu Buciorek we Wroc\u0142awiu\u2026<\/p>\n\n\n\n<p class=\"has-vivid-cyan-blue-color has-text-color has-link-color wp-elements-5ffc84c51f72a93b65b256c239a7144b\">Sklep b\u0119dzie otwarty tylko do 13 grudnia 2025 r. w\u0142\u0105cznie ( sobota ). Po tym terminie, znikamy z mapy Wroc\u0142awia\u2026 <\/p>\n\n\n\n<p class=\"has-vivid-cyan-blue-color has-text-color has-link-color wp-elements-3ec3cfc21a1532505a823dbffa5034f3\">Je\u015bli chcecie zrobi\u0107 zakupy jeszcze we Wroc\u0142awiu &#8211; musicie si\u0119 spieszy\u0107\u2026 Po tym terminie zar\u00f3wno sklep Buciorek jak i Laboratorium Bada\u0144 St\u00f3p, Postawy Cia\u0142a i Analizy Chodu ComplexLAB b\u0119dzie dzia\u0142a\u0107 na sta\u0142e jedynie w Nysie przy ulicy Piastowskiej 9B. <\/p>\n\n\n\n<p class=\"has-vivid-cyan-blue-color has-text-color has-link-color wp-elements-a58e25a348c20e28784b38a2464ce3d9\">Telefony kontaktowe si\u0119 nie zmieniaj\u0105 i pozostaj\u0105 ca\u0142y czas aktywne. Wszystkie zgromadzone punkty w aplikacji Buciorek, kt\u00f3re mo\u017cna zamieni\u0107 na rabaty na zakupy, mo\u017cna zrealizowa\u0107 w sklepie w Nysie. Je\u015bli zaistnieje taka potrzeba, mo\u017cecie r\u00f3wnie\u017c, po wcze\u015bniejszym kontakcie, zrealizowa\u0107 zakupy zdalnie \u2013 wysy\u0142kowo. <\/p>\n\n\n\n<p class=\"has-vivid-cyan-blue-color has-text-color has-link-color wp-elements-fb7d1985dd6dd30a3317bb28a76a18e9\">Niestety, zmiany demograficzne &#8211; spadek urodze\u0144 dzieci, dotykaj\u0105 naszej bran\u017cy\u2026 Dodatkowo coraz mniejsza \u015bwiadomo\u015b\u0107 rodzic\u00f3w dotycz\u0105ca zdrowego obuwia i mniejsze dbanie o rozw\u00f3j st\u00f3p dzieci pog\u0142\u0119bia ten problem. Wszystko to, w po\u0142\u0105czeniu z wysokimi kosztami utrzymania sklepu i Laboratorium ComplexLAB we Wroc\u0142awiu nie daje nam szans na ci\u0105g\u0142o\u015b\u0107 funkcjonowania w tym miejscu.<\/p>\n\n\n\n<p class=\"has-pale-pink-color has-text-color has-link-color wp-elements-854351d6869a36049eca323b0c4688e9\"><strong>Wszystkie nasze zasoby: \u015bwietne zdrowe obuwie, wiedz\u0119 i do\u015bwiadczenie, czas dla Was i ci\u0119\u017ck\u0105 prac\u0119 skoncentrujemy w jednym miejscu &#8211; Buciorek i Laboratorium Bada\u0144 ComplexLAB dzia\u0142a i b\u0119dzie dzia\u0142a\u0107 w Nysie przy ul. Piastowskiej 9B. Zapraszamy wszystkich klient\u00f3w do odwiedzin, gdzie zastaniecie pe\u0142n\u0105 ofert\u0119 najlepszego obuwia wyselekcjonowanego z rynku i spe\u0142niaj\u0105cego wysokie kryteria konstrukcyjne i jako\u015bciowe, wspieraj\u0105ce prawid\u0142owy rozw\u00f3j st\u00f3p dzieci! Zapraszamy!<\/strong><\/p>\n\n\n\n<p class=\"has-vivid-cyan-blue-color has-text-color has-link-color wp-elements-2a8f7e1e98d6b2497169830a01b464e0\">Pozdrawiamy<\/p>\n\n\n\n<p><\/p>\n\n\n\n<p><\/p>\n","protected":false},"excerpt":{"rendered":"<p>Uwaga! Zamykamy sklep we Wroc\u0142awiu ! Z ci\u0119\u017ckim sercem i przykro\u015bci\u0105 informujemy, \u017ce jeste\u015bmy zmuszeni do zamkni\u0119cia sklepu Buciorek we Wroc\u0142awiu\u2026 Sklep b\u0119dzie otwarty tylko&hellip;<\/p>\n","protected":false},"author":1,"featured_media":0,"parent":0,"menu_order":0,"comment_status":"closed","ping_status":"closed","template":"","meta":{"footnotes":""},"class_list":["post-214","page","type-page","status-publish","hentry"],"_links":{"self":[{"href":"https:\/\/buciorek.pl\/index.php\/wp-json\/wp\/v2\/pages\/214","targetHints":{"allow":["GET"]}}],"collection":[{"href":"https:\/\/buciorek.pl\/index.php\/wp-json\/wp\/v2\/pages"}],"about":[{"href":"https:\/\/buciorek.pl\/index.php\/wp-json\/wp\/v2\/types\/page"}],"author":[{"embeddable":true,"href":"https:\/\/buciorek.pl\/index.php\/wp-json\/wp\/v2\/users\/1"}],"replies":[{"embeddable":true,"href":"https:\/\/buciorek.pl\/index.php\/wp-json\/wp\/v2\/comments?post=214"}],"version-history":[{"count":7,"href":"https:\/\/buciorek.pl\/index.php\/wp-json\/wp\/v2\/pages\/214\/revisions"}],"predecessor-version":[{"id":280,"href":"https:\/\/buciorek.pl\/index.php\/wp-json\/wp\/v2\/pages\/214\/revisions\/280"}],"wp:attachment":[{"href":"https:\/\/buciorek.pl\/index.php\/wp-json\/wp\/v2\/media?parent=214"}],"curies":[{"name":"wp","href":"https:\/\/api.w.org\/{rel}","templated":true}]}}