{"id":2,"date":"2024-01-24T11:23:30","date_gmt":"2024-01-24T11:23:30","guid":{"rendered":"https:\/\/buciorek.pl\/?page_id=2"},"modified":"2024-09-04T06:47:21","modified_gmt":"2024-09-04T06:47:21","slug":"o-nas","status":"publish","type":"page","link":"https:\/\/buciorek.pl\/index.php\/o-nas\/","title":{"rendered":"O nas"},"content":{"rendered":"\n<p class=\"has-vivid-cyan-blue-color has-text-color has-link-color wp-elements-7e429054e16f27f18cfd8c42665a5760\"><strong>Jeste\u015bmy ma\u0142\u017ce\u0144stwem ludzi z pasj\u0105.<\/strong>\u00a0Wsp\u00f3lnie z naszymi wsp\u00f3\u0142pracownicami dbamy o zdrowie ma\u0142ych st\u00f3p oraz popraw\u0119 \u015bwiadomo\u015bci rodzic\u00f3w w zakresie w\u0142a\u015bciwego doboru obuwia. Chcemy oferowa\u0107\u00a0<strong>najlepsze jako\u015bciowo i konstrukcyjnie obuwie<\/strong>, wspieraj\u0105c si\u0119 wiedz\u0105 i do\u015bwiadczeniem z zakresu d\u0142ugoletnich komputerowych bada\u0144 i pomiar\u00f3w st\u00f3p dzieci\u0119cych.\u00a0<\/p>\n\n\n\n<p><\/p>\n\n\n<div class=\"wp-block-image\">\n<figure class=\"aligncenter size-large is-resized\"><img loading=\"lazy\" decoding=\"async\" width=\"1024\" height=\"485\" src=\"https:\/\/buciorek.pl\/wp-content\/uploads\/2024\/04\/20220625_121547-1024x485.jpg\" alt=\"\" class=\"wp-image-201\" style=\"width:481px;height:auto\" srcset=\"https:\/\/buciorek.pl\/wp-content\/uploads\/2024\/04\/20220625_121547-1024x485.jpg 1024w, https:\/\/buciorek.pl\/wp-content\/uploads\/2024\/04\/20220625_121547-300x142.jpg 300w, https:\/\/buciorek.pl\/wp-content\/uploads\/2024\/04\/20220625_121547-768x364.jpg 768w, https:\/\/buciorek.pl\/wp-content\/uploads\/2024\/04\/20220625_121547-1536x728.jpg 1536w, https:\/\/buciorek.pl\/wp-content\/uploads\/2024\/04\/20220625_121547-2048x971.jpg 2048w\" sizes=\"auto, (max-width: 1024px) 100vw, 1024px\" \/><\/figure>\n<\/div>\n\n\n<p><\/p>\n\n\n\n<p class=\"has-vivid-cyan-blue-color has-text-color has-link-color wp-elements-328040b1477f5a69301b0f7d21a9a180\">Zbadali\u015bmy do tej pory ponad 9000 dzieci i doros\u0142ych mamy olbrzymi &#8222;materia\u0142&#8221; do analizy. Dzi\u0119ki temu mo\u017cemy wyci\u0105gn\u0105\u0107 odpowiednie wnioski i zwraca\u0107 uwag\u0119 na wszelkie aspekty\u00a0<strong>DOBRYCH BUT\u00d3W<\/strong>, kt\u00f3re zamawiamy do BUCIORKA i oferowa\u0107 je z czystym sumieniem m\u0142odym klientom.\u00a0<strong>NIE MA W BUCIORKU BUT\u00d3W \u0179LE SKONSTRUOWANYCH<\/strong>, kt\u00f3re mog\u0105 zrobi\u0107 krzywd\u0119 rozwijaj\u0105cym si\u0119 dzieciakom !<\/p>\n\n\n\n<p><\/p>\n\n\n<div class=\"wp-block-image\">\n<figure class=\"aligncenter size-large is-resized\"><img loading=\"lazy\" decoding=\"async\" width=\"1024\" height=\"576\" src=\"https:\/\/buciorek.pl\/wp-content\/uploads\/2024\/04\/20210624_144751-1024x576.jpg\" alt=\"\" class=\"wp-image-203\" style=\"width:479px;height:auto\" srcset=\"https:\/\/buciorek.pl\/wp-content\/uploads\/2024\/04\/20210624_144751-1024x576.jpg 1024w, https:\/\/buciorek.pl\/wp-content\/uploads\/2024\/04\/20210624_144751-300x169.jpg 300w, https:\/\/buciorek.pl\/wp-content\/uploads\/2024\/04\/20210624_144751-768x432.jpg 768w, https:\/\/buciorek.pl\/wp-content\/uploads\/2024\/04\/20210624_144751-1536x864.jpg 1536w, https:\/\/buciorek.pl\/wp-content\/uploads\/2024\/04\/20210624_144751-2048x1152.jpg 2048w\" sizes=\"auto, (max-width: 1024px) 100vw, 1024px\" \/><\/figure>\n<\/div>\n\n\n<p><\/p>\n\n\n\n<p class=\"has-vivid-cyan-blue-color has-text-color has-link-color wp-elements-06d8eff2565af43487d5101445871d7c\">Ka\u017cdy but, przed zam\u00f3wieniem do sklepu przechodzi przez nasze r\u0119ce i po akceptacji mo\u017ce by\u0107 &#8222;postawiony&#8221; na p\u00f3\u0142k\u0119.<\/p>\n\n\n\n<p class=\"has-pale-pink-color has-text-color has-link-color wp-elements-94e5cc1aeaec1a9b190cc853ff99aaca\"><strong>Wybieramy tylko NAJLEPSZE KONSTRUKCYJNIE MODELE od poszczeg\u00f3lnych producent\u00f3w !!!&nbsp;<\/strong>&nbsp;<\/p>\n\n\n\n<p class=\"has-vivid-cyan-blue-color has-text-color has-link-color wp-elements-11da50090f9420e9d7260eb31ae8258a\">Obecnie na rynku obuwia dzieci\u0119cego mamy do czynienia w wi\u0119kszo\u015bci z obuwiem o wadliwej konstrukcji, s\u0142abej jako\u015bci wykonania i u\u017cytych materia\u0142\u00f3w. Chcemy temu zaradzi\u0107 i zaproponowa\u0107 profesjonalne podej\u015bcie do doboru obuwia i najlepszej jako\u015bci produkty.<\/p>\n\n\n\n<p><\/p>\n\n\n<div class=\"wp-block-image\">\n<figure class=\"aligncenter size-large is-resized\"><img loading=\"lazy\" decoding=\"async\" width=\"1024\" height=\"576\" src=\"https:\/\/buciorek.pl\/wp-content\/uploads\/2024\/04\/20210316_000745-1024x576.jpg\" alt=\"\" class=\"wp-image-204\" style=\"width:482px;height:auto\" srcset=\"https:\/\/buciorek.pl\/wp-content\/uploads\/2024\/04\/20210316_000745-1024x576.jpg 1024w, https:\/\/buciorek.pl\/wp-content\/uploads\/2024\/04\/20210316_000745-300x169.jpg 300w, https:\/\/buciorek.pl\/wp-content\/uploads\/2024\/04\/20210316_000745-768x432.jpg 768w, https:\/\/buciorek.pl\/wp-content\/uploads\/2024\/04\/20210316_000745-1536x864.jpg 1536w, https:\/\/buciorek.pl\/wp-content\/uploads\/2024\/04\/20210316_000745-2048x1152.jpg 2048w\" sizes=\"auto, (max-width: 1024px) 100vw, 1024px\" \/><\/figure>\n<\/div>\n\n\n<p><\/p>\n\n\n\n<p class=\"has-vivid-cyan-blue-color has-text-color has-link-color wp-elements-e56a67ed68e0153a9ebd3d12b253bfa6\">Wszystkie nasze dzia\u0142anie i decyzje s\u0105 poparte wiedz\u0105 i do\u015bwiadczeniem:&nbsp;<strong>Jowity<\/strong>&nbsp;\u2013 specjalistki m.in. od indywidualnego doboru obuwia, u\u017cytych materia\u0142\u00f3w, konstrukcji ortopedycznej oraz&nbsp;<strong>Piotra<\/strong>&nbsp;&#8211; mgr fizjoterapii, specjalizuj\u0105cego si\u0119 od wielu lat w&nbsp;<strong><a href=\"http:\/\/complexlab.pl\/\">komputerowej diagnostyce st\u00f3p i postawy cia\u0142a<\/a><\/strong>.<\/p>\n\n\n\n<p class=\"has-vivid-cyan-blue-color has-text-color has-link-color wp-elements-3cdd753ea118ececf62cdf855da4a763\">Sklep&nbsp;<strong>BUCIOREK<\/strong>&nbsp;oferuje obuwie renomowanych polskich i \u015bwiatowych producent\u00f3w, wykonane z najwy\u017cszej jako\u015bci materia\u0142\u00f3w. Z uwagi na fakt, \u017ce dob\u00f3r w\u0142a\u015bciwego obuwia jest skomplikowanym procesem, kt\u00f3ry&nbsp;<strong>MUSI<\/strong>&nbsp;by\u0107 poprzedzony dokonaniem dok\u0142adnych pomiar\u00f3w st\u00f3p ( d\u0142ugo\u015b\u0107, szeroko\u015b\u0107 przodostopia, szeroko\u015b\u0107 pi\u0119ty, k\u0105towe ustawienie ko\u015bci pi\u0119towych itp. ) oraz wn\u0119trza but\u00f3w &#8211; w BUCIORKU ZAWSZE doradcy mierz\u0105 stopy i obuwie, \u017ceby mie\u0107 pewno\u015b\u0107 precyzyjnego doboru obuwia dla ka\u017cdej stopy! <strong>TRZEBA ZAWSZE<\/strong>&nbsp;dokona\u0107 dok\u0142adnych precyzyjnych pomiar\u00f3w obu st\u00f3p ( bardzo cz\u0119sto s\u0105 r\u00f3\u017cnice pomi\u0119dzy stopami ) oraz wn\u0119trza obuwia w&nbsp;<strong>centymetrach!<\/strong><\/p>\n\n\n\n<p class=\"has-vivid-cyan-blue-color has-text-color has-link-color wp-elements-f3d7344ec1a2e7baee5c74c56855a02e\">Dopiero wtedy mo\u017cemy dok\u0142adnie dobra\u0107 odpowiednie buty dla danych st\u00f3p.<\/p>\n\n\n\n<p><\/p>\n\n\n<div class=\"wp-block-image\">\n<figure class=\"aligncenter size-large is-resized\"><img loading=\"lazy\" decoding=\"async\" width=\"1024\" height=\"576\" src=\"https:\/\/buciorek.pl\/wp-content\/uploads\/2024\/04\/20201026_162840-\u2014-kopia-1024x576.jpg\" alt=\"\" class=\"wp-image-205\" style=\"width:481px;height:auto\" srcset=\"https:\/\/buciorek.pl\/wp-content\/uploads\/2024\/04\/20201026_162840-\u2014-kopia-1024x576.jpg 1024w, https:\/\/buciorek.pl\/wp-content\/uploads\/2024\/04\/20201026_162840-\u2014-kopia-300x169.jpg 300w, https:\/\/buciorek.pl\/wp-content\/uploads\/2024\/04\/20201026_162840-\u2014-kopia-768x432.jpg 768w, https:\/\/buciorek.pl\/wp-content\/uploads\/2024\/04\/20201026_162840-\u2014-kopia-1536x864.jpg 1536w, https:\/\/buciorek.pl\/wp-content\/uploads\/2024\/04\/20201026_162840-\u2014-kopia-2048x1152.jpg 2048w\" sizes=\"auto, (max-width: 1024px) 100vw, 1024px\" \/><\/figure>\n<\/div>\n\n\n<p><\/p>\n\n\n\n<p class=\"has-pale-pink-color has-text-color has-link-color wp-elements-51785a1a3cf40a39498baf8c4ab9ea13\"><strong>Pozdrawiamy i \u017cyczymy udanych zakup\u00f3w<\/strong><\/p>\n\n\n\n<p class=\"has-pale-pink-color has-text-color has-link-color wp-elements-0c8329914b34a935897f3940bcfcf318\"><strong>Jowita i Piotr Chudy<\/strong><\/p>\n\n\n\n<hr class=\"wp-block-separator has-alpha-channel-opacity\"\/>\n\n\n<div class=\"wp-block-image is-style-rounded\">\n<figure class=\"aligncenter size-full is-resized\"><img loading=\"lazy\" decoding=\"async\" width=\"684\" height=\"249\" src=\"https:\/\/buciorek.pl\/wp-content\/uploads\/2024\/04\/opinia.jpg5_.jpg\" alt=\"\" class=\"wp-image-186\" style=\"width:445px;height:auto\" srcset=\"https:\/\/buciorek.pl\/wp-content\/uploads\/2024\/04\/opinia.jpg5_.jpg 684w, https:\/\/buciorek.pl\/wp-content\/uploads\/2024\/04\/opinia.jpg5_-300x109.jpg 300w\" sizes=\"auto, (max-width: 684px) 100vw, 684px\" \/><\/figure>\n<\/div>","protected":false},"excerpt":{"rendered":"<p>Jeste\u015bmy ma\u0142\u017ce\u0144stwem ludzi z pasj\u0105.\u00a0Wsp\u00f3lnie z naszymi wsp\u00f3\u0142pracownicami dbamy o zdrowie ma\u0142ych st\u00f3p oraz popraw\u0119 \u015bwiadomo\u015bci rodzic\u00f3w w zakresie w\u0142a\u015bciwego doboru obuwia. Chcemy oferowa\u0107\u00a0najlepsze jako\u015bciowo&hellip;<\/p>\n","protected":false},"author":1,"featured_media":0,"parent":0,"menu_order":0,"comment_status":"closed","ping_status":"closed","template":"","meta":{"footnotes":""},"class_list":["post-2","page","type-page","status-publish","hentry"],"_links":{"self":[{"href":"https:\/\/buciorek.pl\/index.php\/wp-json\/wp\/v2\/pages\/2","targetHints":{"allow":["GET"]}}],"collection":[{"href":"https:\/\/buciorek.pl\/index.php\/wp-json\/wp\/v2\/pages"}],"about":[{"href":"https:\/\/buciorek.pl\/index.php\/wp-json\/wp\/v2\/types\/page"}],"author":[{"embeddable":true,"href":"https:\/\/buciorek.pl\/index.php\/wp-json\/wp\/v2\/users\/1"}],"replies":[{"embeddable":true,"href":"https:\/\/buciorek.pl\/index.php\/wp-json\/wp\/v2\/comments?post=2"}],"version-history":[{"count":10,"href":"https:\/\/buciorek.pl\/index.php\/wp-json\/wp\/v2\/pages\/2\/revisions"}],"predecessor-version":[{"id":238,"href":"https:\/\/buciorek.pl\/index.php\/wp-json\/wp\/v2\/pages\/2\/revisions\/238"}],"wp:attachment":[{"href":"https:\/\/buciorek.pl\/index.php\/wp-json\/wp\/v2\/media?parent=2"}],"curies":[{"name":"wp","href":"https:\/\/api.w.org\/{rel}","templated":true}]}}